{"id":15,"date":"2026-01-15T17:43:22","date_gmt":"2026-01-15T17:43:22","guid":{"rendered":"https:\/\/bufangslu.rkinformatika.online\/?page_id=15"},"modified":"2026-01-29T13:31:58","modified_gmt":"2026-01-29T13:31:58","slug":"inicio","status":"publish","type":"page","link":"https:\/\/bufangslu.com\/en\/","title":{"rendered":"Inicio"},"content":{"rendered":"<div data-elementor-type=\"wp-page\" data-elementor-id=\"15\" class=\"elementor elementor-15\" data-elementor-post-type=\"page\">\n\t\t\t\t<div class=\"elementor-element elementor-element-cc8d411 e-flex e-con-boxed e-con e-parent\" data-id=\"cc8d411\" data-element_type=\"container\" data-e-type=\"container\" data-settings=\"{&quot;background_background&quot;:&quot;classic&quot;}\">\n\t\t\t\t\t<div class=\"e-con-inner\">\n\t\t\t\t<div class=\"elementor-element elementor-element-4ec85c3 elementor-invisible elementor-widget elementor-widget-heading\" data-id=\"4ec85c3\" data-element_type=\"widget\" data-e-type=\"widget\" data-settings=\"{&quot;_animation&quot;:&quot;fadeInLeft&quot;}\" data-widget_type=\"heading.default\">\n\t\t\t\t\t<h2 class=\"elementor-heading-title elementor-size-default\">Todo para tu hogar y tu d\u00eda a d\u00eda.<\/h2>\t\t\t\t<\/div>\n\t\t\t\t\t<\/div>\n\t\t\t\t<\/div>\n\t\t<div class=\"elementor-element elementor-element-5d2f37d e-flex e-con-boxed e-con e-parent\" data-id=\"5d2f37d\" data-element_type=\"container\" data-e-type=\"container\" data-settings=\"{&quot;background_background&quot;:&quot;classic&quot;}\">\n\t\t\t\t\t<div class=\"e-con-inner\">\n\t\t<div class=\"elementor-element elementor-element-3bd0712 e-con-full e-flex e-con e-child\" data-id=\"3bd0712\" data-element_type=\"container\" data-e-type=\"container\">\n\t\t\t\t<div class=\"elementor-element elementor-element-90ea31e elementor-widget elementor-widget-heading\" data-id=\"90ea31e\" data-element_type=\"widget\" data-e-type=\"widget\" data-widget_type=\"heading.default\">\n\t\t\t\t\t<h2 class=\"elementor-heading-title elementor-size-default\">Sobre Nosotros<\/h2>\t\t\t\t<\/div>\n\t\t\t\t<div class=\"elementor-element elementor-element-56b7fbf elementor-widget elementor-widget-text-editor\" data-id=\"56b7fbf\" data-element_type=\"widget\" data-e-type=\"widget\" data-widget_type=\"text-editor.default\">\n\t\t\t\t\t\t\t\t\t<div class=\"Qr7Oae\" role=\"listitem\"><div class=\"OxAavc NVbRL\" data-required=\"true\" data-item-id=\"1218297843\"><div class=\"Ih4Dzb\"><div class=\"q4tvle JqSWld yqQS1\" tabindex=\"0\" role=\"textbox\" aria-label=\"Resumen de la historia de la empresa (tal y como va a aparecer en el sitio web).&lt;br&gt;Puedes hacer una breve descripci&oacute;n de tu empresa, de su historia e informaci&oacute;n que quieras compartir para presentarla.\" aria-disabled=\"true\">En Bu Fang encontrar\u00e1s un espacio pensado para quienes buscan variedad, utilidad y calidad en un mismo lugar. Somos un mercado y bazar de utilidades que ofrece productos para tu hogar, oficina y estilo de vida, adem\u00e1s de bebidas y alimentos, combinando lo pr\u00e1ctico con lo novedoso.<\/div><div tabindex=\"0\" role=\"textbox\" aria-label=\"Resumen de la historia de la empresa (tal y como va a aparecer en el sitio web).&lt;br&gt;Puedes hacer una breve descripci&oacute;n de tu empresa, de su historia e informaci&oacute;n que quieras compartir para presentarla.\" aria-disabled=\"true\">\u00a0<\/div><\/div><div tabindex=\"0\" role=\"textbox\" aria-label=\"Resumen de la historia de la empresa (tal y como va a aparecer en el sitio web).&lt;br&gt;Puedes hacer una breve descripci&oacute;n de tu empresa, de su historia e informaci&oacute;n que quieras compartir para presentarla.\" aria-disabled=\"true\">Cada visita es una experiencia distinta. Nuestro objetivo es que encuentres justo lo que buscas, mientras disfrutas de un ambiente amigable y cercano. Ya sea que necesites lo esencial para tu hogar, un regalo especial, ese detalle curioso que no sab\u00edas que quer\u00edas, o bebidas y alimentos de calidad, aqu\u00ed lo tenemos todo.<\/div><\/div><\/div>\t\t\t\t\t\t\t\t<\/div>\n\t\t\t\t<\/div>\n\t\t<div class=\"elementor-element elementor-element-109237a e-con-full e-flex e-con e-child\" data-id=\"109237a\" data-element_type=\"container\" data-e-type=\"container\">\n\t\t\t\t<div class=\"elementor-element elementor-element-939d49a elementor-widget elementor-widget-image\" data-id=\"939d49a\" data-element_type=\"widget\" data-e-type=\"widget\" data-widget_type=\"image.default\">\n\t\t\t\t\t\t\t\t\t\t\t\t\t\t\t<img fetchpriority=\"high\" decoding=\"async\" width=\"1500\" height=\"1001\" src=\"https:\/\/bufangslu.com\/wp-content\/uploads\/2026\/01\/139597.jpg\" class=\"attachment-full size-full wp-image-143\" alt=\"\" srcset=\"https:\/\/bufangslu.com\/wp-content\/uploads\/2026\/01\/139597.jpg 1500w, https:\/\/bufangslu.com\/wp-content\/uploads\/2026\/01\/139597-300x200.jpg 300w, https:\/\/bufangslu.com\/wp-content\/uploads\/2026\/01\/139597-1024x683.jpg 1024w, https:\/\/bufangslu.com\/wp-content\/uploads\/2026\/01\/139597-768x513.jpg 768w, https:\/\/bufangslu.com\/wp-content\/uploads\/2026\/01\/139597-18x12.jpg 18w, https:\/\/bufangslu.com\/wp-content\/uploads\/2026\/01\/139597-600x400.jpg 600w\" sizes=\"(max-width: 1500px) 100vw, 1500px\" \/>\t\t\t\t\t\t\t\t\t\t\t\t\t\t\t<\/div>\n\t\t\t\t<\/div>\n\t\t\t\t\t<\/div>\n\t\t\t\t<\/div>\n\t\t<div class=\"elementor-element elementor-element-58c2406 e-flex e-con-boxed e-con e-parent\" data-id=\"58c2406\" data-element_type=\"container\" data-e-type=\"container\" data-settings=\"{&quot;background_background&quot;:&quot;classic&quot;}\">\n\t\t\t\t\t<div class=\"e-con-inner\">\n\t\t\t\t<div class=\"elementor-element elementor-element-a0f9718 elementor-widget elementor-widget-heading\" data-id=\"a0f9718\" data-element_type=\"widget\" data-e-type=\"widget\" data-widget_type=\"heading.default\">\n\t\t\t\t\t<h2 class=\"elementor-heading-title elementor-size-default\">Descubre todo lo que tenemos para ti<\/h2>\t\t\t\t<\/div>\n\t\t\t\t<div class=\"elementor-element elementor-element-3a9ab38 elementor-widget elementor-widget-text-editor\" data-id=\"3a9ab38\" data-element_type=\"widget\" data-e-type=\"widget\" data-widget_type=\"text-editor.default\">\n\t\t\t\t\t\t\t\t\t<p>Productos pensados para tu d\u00eda a d\u00eda.<\/p>\t\t\t\t\t\t\t\t<\/div>\n\t\t\t\t<div class=\"elementor-element elementor-element-7b1d55c elementor-align-center elementor-widget elementor-widget-button\" data-id=\"7b1d55c\" data-element_type=\"widget\" data-e-type=\"widget\" data-widget_type=\"button.default\">\n\t\t\t\t\t\t\t\t\t\t<a class=\"elementor-button elementor-button-link elementor-size-sm\" href=\"https:\/\/bufangslu.com\/en\/tienda\/\">\n\t\t\t\t\t\t<span class=\"elementor-button-content-wrapper\">\n\t\t\t\t\t\t\t\t\t<span class=\"elementor-button-text\">Tienda<\/span>\n\t\t\t\t\t<\/span>\n\t\t\t\t\t<\/a>\n\t\t\t\t\t\t\t\t<\/div>\n\t\t\t\t\t<\/div>\n\t\t\t\t<\/div>\n\t\t\t\t<\/div>","protected":false},"excerpt":{"rendered":"<p>Todo para tu hogar y tu d\u00eda a d\u00eda. Sobre Nosotros En Bu Fang encontrar\u00e1s un espacio pensado para quienes buscan variedad, utilidad y calidad en un mismo lugar. Somos un mercado y bazar de utilidades que ofrece productos para tu hogar, oficina y estilo de vida, adem\u00e1s de bebidas y alimentos, combinando lo pr\u00e1ctico [&hellip;]<\/p>\n","protected":false},"author":1,"featured_media":0,"parent":0,"menu_order":0,"comment_status":"closed","ping_status":"closed","template":"elementor_canvas","meta":{"footnotes":""},"class_list":["post-15","page","type-page","status-publish","hentry"],"yoast_head":"<!-- This site is optimized with the Yoast SEO plugin v27.4 - https:\/\/yoast.com\/product\/yoast-seo-wordpress\/ -->\n<title>Inicio - Bu Fang SLU<\/title>\n<meta name=\"robots\" content=\"index, follow, max-snippet:-1, max-image-preview:large, max-video-preview:-1\" \/>\n<link rel=\"canonical\" href=\"https:\/\/bufangslu.com\/en\/\" \/>\n<meta property=\"og:locale\" content=\"en_GB\" \/>\n<meta property=\"og:type\" content=\"article\" \/>\n<meta property=\"og:title\" content=\"Inicio - Bu Fang SLU\" \/>\n<meta property=\"og:description\" content=\"Todo para tu hogar y tu d\u00eda a d\u00eda. Sobre Nosotros En Bu Fang encontrar\u00e1s un espacio pensado para quienes buscan variedad, utilidad y calidad en un mismo lugar. Somos un mercado y bazar de utilidades que ofrece productos para tu hogar, oficina y estilo de vida, adem\u00e1s de bebidas y alimentos, combinando lo pr\u00e1ctico [&hellip;]\" \/>\n<meta property=\"og:url\" content=\"https:\/\/bufangslu.com\/en\/\" \/>\n<meta property=\"og:site_name\" content=\"Bu Fang SLU\" \/>\n<meta property=\"article:modified_time\" content=\"2026-01-29T13:31:58+00:00\" \/>\n<meta property=\"og:image\" content=\"https:\/\/bufangslu.com\/wp-content\/uploads\/2026\/01\/139597.jpg\" \/>\n<meta name=\"twitter:card\" content=\"summary_large_image\" \/>\n<meta name=\"twitter:label1\" content=\"Estimated reading time\" \/>\n\t<meta name=\"twitter:data1\" content=\"1 minute\" \/>\n<script type=\"application\/ld+json\" class=\"yoast-schema-graph\">{\"@context\":\"https:\\\/\\\/schema.org\",\"@graph\":[{\"@type\":\"WebPage\",\"@id\":\"https:\\\/\\\/bufangslu.com\\\/\",\"url\":\"https:\\\/\\\/bufangslu.com\\\/\",\"name\":\"Inicio - Bu Fang SLU\",\"isPartOf\":{\"@id\":\"https:\\\/\\\/bufangslu.com\\\/#website\"},\"primaryImageOfPage\":{\"@id\":\"https:\\\/\\\/bufangslu.com\\\/#primaryimage\"},\"image\":{\"@id\":\"https:\\\/\\\/bufangslu.com\\\/#primaryimage\"},\"thumbnailUrl\":\"https:\\\/\\\/bufangslu.com\\\/wp-content\\\/uploads\\\/2026\\\/01\\\/139597.jpg\",\"datePublished\":\"2026-01-15T17:43:22+00:00\",\"dateModified\":\"2026-01-29T13:31:58+00:00\",\"breadcrumb\":{\"@id\":\"https:\\\/\\\/bufangslu.com\\\/#breadcrumb\"},\"inLanguage\":\"en-GB\",\"potentialAction\":[{\"@type\":\"ReadAction\",\"target\":[\"https:\\\/\\\/bufangslu.com\\\/\"]}]},{\"@type\":\"ImageObject\",\"inLanguage\":\"en-GB\",\"@id\":\"https:\\\/\\\/bufangslu.com\\\/#primaryimage\",\"url\":\"https:\\\/\\\/bufangslu.com\\\/wp-content\\\/uploads\\\/2026\\\/01\\\/139597.jpg\",\"contentUrl\":\"https:\\\/\\\/bufangslu.com\\\/wp-content\\\/uploads\\\/2026\\\/01\\\/139597.jpg\"},{\"@type\":\"BreadcrumbList\",\"@id\":\"https:\\\/\\\/bufangslu.com\\\/#breadcrumb\",\"itemListElement\":[{\"@type\":\"ListItem\",\"position\":1,\"name\":\"Portada\",\"item\":\"https:\\\/\\\/bufangslu.com\\\/\"},{\"@type\":\"ListItem\",\"position\":2,\"name\":\"Inicio\"}]},{\"@type\":\"WebSite\",\"@id\":\"https:\\\/\\\/bufangslu.com\\\/#website\",\"url\":\"https:\\\/\\\/bufangslu.com\\\/\",\"name\":\"Bu Fang SLU\",\"description\":\"Productos alimenticios y de bebidas\",\"publisher\":{\"@id\":\"https:\\\/\\\/bufangslu.com\\\/#organization\"},\"potentialAction\":[{\"@type\":\"SearchAction\",\"target\":{\"@type\":\"EntryPoint\",\"urlTemplate\":\"https:\\\/\\\/bufangslu.com\\\/?s={search_term_string}\"},\"query-input\":{\"@type\":\"PropertyValueSpecification\",\"valueRequired\":true,\"valueName\":\"search_term_string\"}}],\"inLanguage\":\"en-GB\"},{\"@type\":\"Organization\",\"@id\":\"https:\\\/\\\/bufangslu.com\\\/#organization\",\"name\":\"Bu Fang SLU\",\"url\":\"https:\\\/\\\/bufangslu.com\\\/\",\"logo\":{\"@type\":\"ImageObject\",\"inLanguage\":\"en-GB\",\"@id\":\"https:\\\/\\\/bufangslu.com\\\/#\\\/schema\\\/logo\\\/image\\\/\",\"url\":\"https:\\\/\\\/bufangslu.com\\\/wp-content\\\/uploads\\\/2026\\\/01\\\/cropped-bufang202510_logo_web.png\",\"contentUrl\":\"https:\\\/\\\/bufangslu.com\\\/wp-content\\\/uploads\\\/2026\\\/01\\\/cropped-bufang202510_logo_web.png\",\"width\":1080,\"height\":890,\"caption\":\"Bu Fang SLU\"},\"image\":{\"@id\":\"https:\\\/\\\/bufangslu.com\\\/#\\\/schema\\\/logo\\\/image\\\/\"}}]}<\/script>\n<!-- \/ Yoast SEO plugin. -->","yoast_head_json":{"title":"Inicio - Bu Fang SLU","robots":{"index":"index","follow":"follow","max-snippet":"max-snippet:-1","max-image-preview":"max-image-preview:large","max-video-preview":"max-video-preview:-1"},"canonical":"https:\/\/bufangslu.com\/en\/","og_locale":"en_GB","og_type":"article","og_title":"Inicio - Bu Fang SLU","og_description":"Todo para tu hogar y tu d\u00eda a d\u00eda. Sobre Nosotros En Bu Fang encontrar\u00e1s un espacio pensado para quienes buscan variedad, utilidad y calidad en un mismo lugar. Somos un mercado y bazar de utilidades que ofrece productos para tu hogar, oficina y estilo de vida, adem\u00e1s de bebidas y alimentos, combinando lo pr\u00e1ctico [&hellip;]","og_url":"https:\/\/bufangslu.com\/en\/","og_site_name":"Bu Fang SLU","article_modified_time":"2026-01-29T13:31:58+00:00","og_image":[{"url":"https:\/\/bufangslu.com\/wp-content\/uploads\/2026\/01\/139597.jpg","type":"","width":"","height":""}],"twitter_card":"summary_large_image","twitter_misc":{"Estimated reading time":"1 minute"},"schema":{"@context":"https:\/\/schema.org","@graph":[{"@type":"WebPage","@id":"https:\/\/bufangslu.com\/","url":"https:\/\/bufangslu.com\/","name":"Inicio - Bu Fang SLU","isPartOf":{"@id":"https:\/\/bufangslu.com\/#website"},"primaryImageOfPage":{"@id":"https:\/\/bufangslu.com\/#primaryimage"},"image":{"@id":"https:\/\/bufangslu.com\/#primaryimage"},"thumbnailUrl":"https:\/\/bufangslu.com\/wp-content\/uploads\/2026\/01\/139597.jpg","datePublished":"2026-01-15T17:43:22+00:00","dateModified":"2026-01-29T13:31:58+00:00","breadcrumb":{"@id":"https:\/\/bufangslu.com\/#breadcrumb"},"inLanguage":"en-GB","potentialAction":[{"@type":"ReadAction","target":["https:\/\/bufangslu.com\/"]}]},{"@type":"ImageObject","inLanguage":"en-GB","@id":"https:\/\/bufangslu.com\/#primaryimage","url":"https:\/\/bufangslu.com\/wp-content\/uploads\/2026\/01\/139597.jpg","contentUrl":"https:\/\/bufangslu.com\/wp-content\/uploads\/2026\/01\/139597.jpg"},{"@type":"BreadcrumbList","@id":"https:\/\/bufangslu.com\/#breadcrumb","itemListElement":[{"@type":"ListItem","position":1,"name":"Portada","item":"https:\/\/bufangslu.com\/"},{"@type":"ListItem","position":2,"name":"Inicio"}]},{"@type":"WebSite","@id":"https:\/\/bufangslu.com\/#website","url":"https:\/\/bufangslu.com\/","name":"Bu Fang SLU","description":"Productos alimenticios y de bebidas","publisher":{"@id":"https:\/\/bufangslu.com\/#organization"},"potentialAction":[{"@type":"SearchAction","target":{"@type":"EntryPoint","urlTemplate":"https:\/\/bufangslu.com\/?s={search_term_string}"},"query-input":{"@type":"PropertyValueSpecification","valueRequired":true,"valueName":"search_term_string"}}],"inLanguage":"en-GB"},{"@type":"Organization","@id":"https:\/\/bufangslu.com\/#organization","name":"Bu Fang SLU","url":"https:\/\/bufangslu.com\/","logo":{"@type":"ImageObject","inLanguage":"en-GB","@id":"https:\/\/bufangslu.com\/#\/schema\/logo\/image\/","url":"https:\/\/bufangslu.com\/wp-content\/uploads\/2026\/01\/cropped-bufang202510_logo_web.png","contentUrl":"https:\/\/bufangslu.com\/wp-content\/uploads\/2026\/01\/cropped-bufang202510_logo_web.png","width":1080,"height":890,"caption":"Bu Fang SLU"},"image":{"@id":"https:\/\/bufangslu.com\/#\/schema\/logo\/image\/"}}]}},"_links":{"self":[{"href":"https:\/\/bufangslu.com\/en\/wp-json\/wp\/v2\/pages\/15","targetHints":{"allow":["GET"]}}],"collection":[{"href":"https:\/\/bufangslu.com\/en\/wp-json\/wp\/v2\/pages"}],"about":[{"href":"https:\/\/bufangslu.com\/en\/wp-json\/wp\/v2\/types\/page"}],"author":[{"embeddable":true,"href":"https:\/\/bufangslu.com\/en\/wp-json\/wp\/v2\/users\/1"}],"replies":[{"embeddable":true,"href":"https:\/\/bufangslu.com\/en\/wp-json\/wp\/v2\/comments?post=15"}],"version-history":[{"count":34,"href":"https:\/\/bufangslu.com\/en\/wp-json\/wp\/v2\/pages\/15\/revisions"}],"predecessor-version":[{"id":192,"href":"https:\/\/bufangslu.com\/en\/wp-json\/wp\/v2\/pages\/15\/revisions\/192"}],"wp:attachment":[{"href":"https:\/\/bufangslu.com\/en\/wp-json\/wp\/v2\/media?parent=15"}],"curies":[{"name":"wp","href":"https:\/\/api.w.org\/{rel}","templated":true}]}}